{"id":1166,"date":"2024-08-10T20:24:38","date_gmt":"2024-08-10T18:24:38","guid":{"rendered":"https:\/\/socialresearchco.com\/?page_id=1166"},"modified":"2024-10-07T23:08:51","modified_gmt":"2024-10-07T21:08:51","slug":"asesorias","status":"publish","type":"page","link":"https:\/\/socialresearchco.com\/index.php\/asesorias\/","title":{"rendered":"Asesorias"},"content":{"rendered":"\t\t<div data-elementor-type=\"wp-page\" data-elementor-id=\"1166\" class=\"elementor elementor-1166\" data-elementor-post-type=\"page\">\n\t\t\t\t<div class=\"elementor-element elementor-element-7b3a1384 e-flex e-con-boxed e-con e-parent\" data-id=\"7b3a1384\" data-element_type=\"container\" data-settings=\"{&quot;background_background&quot;:&quot;classic&quot;}\">\n\t\t\t\t\t<div class=\"e-con-inner\">\n\t\t\t\t<div class=\"elementor-element elementor-element-5e68629 animated-slow elementor-invisible elementor-widget elementor-widget-heading\" data-id=\"5e68629\" data-element_type=\"widget\" data-settings=\"{&quot;_animation&quot;:&quot;fadeIn&quot;}\" data-widget_type=\"heading.default\">\n\t\t\t\t<div class=\"elementor-widget-container\">\n\t\t\t<style>\/*! elementor - v3.23.0 - 05-08-2024 *\/\n.elementor-heading-title{padding:0;margin:0;line-height:1}.elementor-widget-heading .elementor-heading-title[class*=elementor-size-]>a{color:inherit;font-size:inherit;line-height:inherit}.elementor-widget-heading .elementor-heading-title.elementor-size-small{font-size:15px}.elementor-widget-heading .elementor-heading-title.elementor-size-medium{font-size:19px}.elementor-widget-heading .elementor-heading-title.elementor-size-large{font-size:29px}.elementor-widget-heading .elementor-heading-title.elementor-size-xl{font-size:39px}.elementor-widget-heading .elementor-heading-title.elementor-size-xxl{font-size:59px}<\/style><h1 class=\"elementor-heading-title elementor-size-default\">\ud83d\udca1 Asesor\u00edas<\/h1>\t\t<\/div>\n\t\t\t\t<\/div>\n\t\t\t\t<div class=\"elementor-element elementor-element-71023d9 elementor-widget elementor-widget-text-editor\" data-id=\"71023d9\" data-element_type=\"widget\" data-widget_type=\"text-editor.default\">\n\t\t\t\t<div class=\"elementor-widget-container\">\n\t\t\t<style>\/*! elementor - v3.23.0 - 05-08-2024 *\/\n.elementor-widget-text-editor.elementor-drop-cap-view-stacked .elementor-drop-cap{background-color:#69727d;color:#fff}.elementor-widget-text-editor.elementor-drop-cap-view-framed .elementor-drop-cap{color:#69727d;border:3px solid;background-color:transparent}.elementor-widget-text-editor:not(.elementor-drop-cap-view-default) .elementor-drop-cap{margin-top:8px}.elementor-widget-text-editor:not(.elementor-drop-cap-view-default) .elementor-drop-cap-letter{width:1em;height:1em}.elementor-widget-text-editor .elementor-drop-cap{float:left;text-align:center;line-height:1;font-size:50px}.elementor-widget-text-editor .elementor-drop-cap-letter{display:inline-block}<\/style>\t\t\t\t<p>Nos encontramos en la b\u00fasqueda continua de la excelencia en nuestros servicios, la calidad de nuestros productos y la satisfacci\u00f3n de nuestros clientes.<\/p>\t\t\t\t\t\t<\/div>\n\t\t\t\t<\/div>\n\t\t\t\t\t<\/div>\n\t\t\t\t<\/div>\n\t\t<div class=\"elementor-element elementor-element-b3abfd6 e-con-full e-flex e-con e-parent\" data-id=\"b3abfd6\" data-element_type=\"container\" data-settings=\"{&quot;background_background&quot;:&quot;classic&quot;}\">\n\t\t<div class=\"elementor-element elementor-element-cd69fe4 e-con-full e-flex e-con e-child\" data-id=\"cd69fe4\" data-element_type=\"container\">\n\t\t\t\t<div class=\"elementor-element elementor-element-ff51810 animated-slow elementor-invisible elementor-widget elementor-widget-heading\" data-id=\"ff51810\" data-element_type=\"widget\" data-settings=\"{&quot;_animation&quot;:&quot;fadeIn&quot;}\" data-widget_type=\"heading.default\">\n\t\t\t\t<div class=\"elementor-widget-container\">\n\t\t\t<h3 class=\"elementor-heading-title elementor-size-default\">Asesoria Tesis  \ud83d\udcdd<\/h3>\t\t<\/div>\n\t\t\t\t<\/div>\n\t\t\t\t<div class=\"elementor-element elementor-element-657240a elementor-drop-cap-yes elementor-widget__width-initial elementor-drop-cap-view-default elementor-widget elementor-widget-text-editor\" data-id=\"657240a\" data-element_type=\"widget\" data-settings=\"{&quot;drop_cap&quot;:&quot;yes&quot;}\" data-widget_type=\"text-editor.default\">\n\t\t\t\t<div class=\"elementor-widget-container\">\n\t\t\t\t\t\t\t<p>El servicio de asesor\u00eda metodol\u00f3gica de proyectos de investigaci\u00f3n es una herramienta invaluable para investigadores individuales, estudiantes y acad\u00e9micos que desean llevar a cabo estudios rigurosos y efectivos. Esta asesor\u00eda se enfoca en brindar orientaci\u00f3n y apoyo en todas las etapas del proceso de investigaci\u00f3n, desde la elaboraci\u00f3n del protocolo de investigaci\u00f3n hasta la presentaci\u00f3n de los resultados.<br \/>Uno de los beneficios clave de este servicio es la ayuda en la elaboraci\u00f3n de un dise\u00f1o de investigaci\u00f3n s\u00f3lido y adecuado. Los asesores metodol\u00f3gicos especializados trabajan en estrecha colaboraci\u00f3n con los investigadores para definir claramente los objetivos, las preguntas de investigaci\u00f3n, las hip\u00f3tesis y seleccionar el m\u00e9todo que se emplear\u00e1, ya sea cualitativo, cuantitativo o mixto. Esto garantiza que el estudio tenga una base metodol\u00f3gica s\u00f3lida y que se obtengan resultados v\u00e1lidos y confiables.<br \/>De acuerdo con lo anterior, nuestros asesores brindaran los siguientes servicios de tutor\u00eda y seguimiento en los siguientes productos:<\/p>\t\t\t\t\t\t<\/div>\n\t\t\t\t<\/div>\n\t\t\t\t<div class=\"elementor-element elementor-element-b84a848 elementor-icon-list--layout-inline elementor-align-left elementor-mobile-align-center elementor-list-item-link-full_width elementor-widget elementor-widget-icon-list\" data-id=\"b84a848\" data-element_type=\"widget\" data-widget_type=\"icon-list.default\">\n\t\t\t\t<div class=\"elementor-widget-container\">\n\t\t\t<link rel=\"stylesheet\" href=\"https:\/\/socialresearchco.com\/wp-content\/plugins\/elementor\/assets\/css\/widget-icon-list.min.css\">\t\t<ul class=\"elementor-icon-list-items elementor-inline-items\">\n\t\t\t\t\t\t\t<li class=\"elementor-icon-list-item elementor-inline-item\">\n\t\t\t\t\t\t\t\t\t\t\t<span class=\"elementor-icon-list-icon\">\n\t\t\t\t\t\t\t<svg aria-hidden=\"true\" class=\"e-font-icon-svg e-fas-book-open\" viewBox=\"0 0 576 512\" xmlns=\"http:\/\/www.w3.org\/2000\/svg\"><path d=\"M542.22 32.05c-54.8 3.11-163.72 14.43-230.96 55.59-4.64 2.84-7.27 7.89-7.27 13.17v363.87c0 11.55 12.63 18.85 23.28 13.49 69.18-34.82 169.23-44.32 218.7-46.92 16.89-.89 30.02-14.43 30.02-30.66V62.75c.01-17.71-15.35-31.74-33.77-30.7zM264.73 87.64C197.5 46.48 88.58 35.17 33.78 32.05 15.36 31.01 0 45.04 0 62.75V400.6c0 16.24 13.13 29.78 30.02 30.66 49.49 2.6 149.59 12.11 218.77 46.95 10.62 5.35 23.21-1.94 23.21-13.46V100.63c0-5.29-2.62-10.14-7.27-12.99z\"><\/path><\/svg>\t\t\t\t\t\t<\/span>\n\t\t\t\t\t\t\t\t\t\t<span class=\"elementor-icon-list-text\">Protocolo de investigaci\u00f3n <\/span>\n\t\t\t\t\t\t\t\t\t<\/li>\n\t\t\t\t\t\t\t\t<li class=\"elementor-icon-list-item elementor-inline-item\">\n\t\t\t\t\t\t\t\t\t\t\t<span class=\"elementor-icon-list-icon\">\n\t\t\t\t\t\t\t<svg aria-hidden=\"true\" class=\"e-font-icon-svg e-far-address-card\" viewBox=\"0 0 576 512\" xmlns=\"http:\/\/www.w3.org\/2000\/svg\"><path d=\"M528 32H48C21.5 32 0 53.5 0 80v352c0 26.5 21.5 48 48 48h480c26.5 0 48-21.5 48-48V80c0-26.5-21.5-48-48-48zm0 400H48V80h480v352zM208 256c35.3 0 64-28.7 64-64s-28.7-64-64-64-64 28.7-64 64 28.7 64 64 64zm-89.6 128h179.2c12.4 0 22.4-8.6 22.4-19.2v-19.2c0-31.8-30.1-57.6-67.2-57.6-10.8 0-18.7 8-44.8 8-26.9 0-33.4-8-44.8-8-37.1 0-67.2 25.8-67.2 57.6v19.2c0 10.6 10 19.2 22.4 19.2zM360 320h112c4.4 0 8-3.6 8-8v-16c0-4.4-3.6-8-8-8H360c-4.4 0-8 3.6-8 8v16c0 4.4 3.6 8 8 8zm0-64h112c4.4 0 8-3.6 8-8v-16c0-4.4-3.6-8-8-8H360c-4.4 0-8 3.6-8 8v16c0 4.4 3.6 8 8 8zm0-64h112c4.4 0 8-3.6 8-8v-16c0-4.4-3.6-8-8-8H360c-4.4 0-8 3.6-8 8v16c0 4.4 3.6 8 8 8z\"><\/path><\/svg>\t\t\t\t\t\t<\/span>\n\t\t\t\t\t\t\t\t\t\t<span class=\"elementor-icon-list-text\">Dise\u00f1o de la metodolog\u00eda de investigaci\u00f3n <\/span>\n\t\t\t\t\t\t\t\t\t<\/li>\n\t\t\t\t\t\t\t\t<li class=\"elementor-icon-list-item elementor-inline-item\">\n\t\t\t\t\t\t\t\t\t\t\t<span class=\"elementor-icon-list-icon\">\n\t\t\t\t\t\t\t<svg aria-hidden=\"true\" class=\"e-font-icon-svg e-fas-people-arrows\" viewBox=\"0 0 576 512\" xmlns=\"http:\/\/www.w3.org\/2000\/svg\"><path d=\"M96,128A64,64,0,1,0,32,64,64,64,0,0,0,96,128Zm0,176.08a44.11,44.11,0,0,1,13.64-32L181.77,204c1.65-1.55,3.77-2.31,5.61-3.57A63.91,63.91,0,0,0,128,160H64A64,64,0,0,0,0,224v96a32,32,0,0,0,32,32V480a32,32,0,0,0,32,32h64a32,32,0,0,0,32-32V383.61l-50.36-47.53A44.08,44.08,0,0,1,96,304.08ZM480,128a64,64,0,1,0-64-64A64,64,0,0,0,480,128Zm32,32H448a63.91,63.91,0,0,0-59.38,40.42c1.84,1.27,4,2,5.62,3.59l72.12,68.06a44.37,44.37,0,0,1,0,64L416,383.62V480a32,32,0,0,0,32,32h64a32,32,0,0,0,32-32V352a32,32,0,0,0,32-32V224A64,64,0,0,0,512,160ZM444.4,295.34l-72.12-68.06A12,12,0,0,0,352,236v36H224V236a12,12,0,0,0-20.28-8.73L131.6,295.34a12.4,12.4,0,0,0,0,17.47l72.12,68.07A12,12,0,0,0,224,372.14V336H352v36.14a12,12,0,0,0,20.28,8.74l72.12-68.07A12.4,12.4,0,0,0,444.4,295.34Z\"><\/path><\/svg>\t\t\t\t\t\t<\/span>\n\t\t\t\t\t\t\t\t\t\t<span class=\"elementor-icon-list-text\">Marco te\u00f3rico <\/span>\n\t\t\t\t\t\t\t\t\t<\/li>\n\t\t\t\t\t\t\t\t<li class=\"elementor-icon-list-item elementor-inline-item\">\n\t\t\t\t\t\t\t\t\t\t\t<span class=\"elementor-icon-list-icon\">\n\t\t\t\t\t\t\t<svg aria-hidden=\"true\" class=\"e-font-icon-svg e-fas-pencil-alt\" viewBox=\"0 0 512 512\" xmlns=\"http:\/\/www.w3.org\/2000\/svg\"><path d=\"M497.9 142.1l-46.1 46.1c-4.7 4.7-12.3 4.7-17 0l-111-111c-4.7-4.7-4.7-12.3 0-17l46.1-46.1c18.7-18.7 49.1-18.7 67.9 0l60.1 60.1c18.8 18.7 18.8 49.1 0 67.9zM284.2 99.8L21.6 362.4.4 483.9c-2.9 16.4 11.4 30.6 27.8 27.8l121.5-21.3 262.6-262.6c4.7-4.7 4.7-12.3 0-17l-111-111c-4.8-4.7-12.4-4.7-17.1 0zM124.1 339.9c-5.5-5.5-5.5-14.3 0-19.8l154-154c5.5-5.5 14.3-5.5 19.8 0s5.5 14.3 0 19.8l-154 154c-5.5 5.5-14.3 5.5-19.8 0zM88 424h48v36.3l-64.5 11.3-31.1-31.1L51.7 376H88v48z\"><\/path><\/svg>\t\t\t\t\t\t<\/span>\n\t\t\t\t\t\t\t\t\t\t<span class=\"elementor-icon-list-text\">Procesamiento de datos <\/span>\n\t\t\t\t\t\t\t\t\t<\/li>\n\t\t\t\t\t\t\t\t<li class=\"elementor-icon-list-item elementor-inline-item\">\n\t\t\t\t\t\t\t\t\t\t\t<span class=\"elementor-icon-list-icon\">\n\t\t\t\t\t\t\t<svg aria-hidden=\"true\" class=\"e-font-icon-svg e-fas-newspaper\" viewBox=\"0 0 576 512\" xmlns=\"http:\/\/www.w3.org\/2000\/svg\"><path d=\"M552 64H88c-13.255 0-24 10.745-24 24v8H24c-13.255 0-24 10.745-24 24v272c0 30.928 25.072 56 56 56h472c26.51 0 48-21.49 48-48V88c0-13.255-10.745-24-24-24zM56 400a8 8 0 0 1-8-8V144h16v248a8 8 0 0 1-8 8zm236-16H140c-6.627 0-12-5.373-12-12v-8c0-6.627 5.373-12 12-12h152c6.627 0 12 5.373 12 12v8c0 6.627-5.373 12-12 12zm208 0H348c-6.627 0-12-5.373-12-12v-8c0-6.627 5.373-12 12-12h152c6.627 0 12 5.373 12 12v8c0 6.627-5.373 12-12 12zm-208-96H140c-6.627 0-12-5.373-12-12v-8c0-6.627 5.373-12 12-12h152c6.627 0 12 5.373 12 12v8c0 6.627-5.373 12-12 12zm208 0H348c-6.627 0-12-5.373-12-12v-8c0-6.627 5.373-12 12-12h152c6.627 0 12 5.373 12 12v8c0 6.627-5.373 12-12 12zm0-96H140c-6.627 0-12-5.373-12-12v-40c0-6.627 5.373-12 12-12h360c6.627 0 12 5.373 12 12v40c0 6.627-5.373 12-12 12z\"><\/path><\/svg>\t\t\t\t\t\t<\/span>\n\t\t\t\t\t\t\t\t\t\t<span class=\"elementor-icon-list-text\">An\u00e1lisis de datos con software especializados <\/span>\n\t\t\t\t\t\t\t\t\t<\/li>\n\t\t\t\t\t\t\t\t<li class=\"elementor-icon-list-item elementor-inline-item\">\n\t\t\t\t\t\t\t\t\t\t\t<span class=\"elementor-icon-list-icon\">\n\t\t\t\t\t\t\t<svg aria-hidden=\"true\" class=\"e-font-icon-svg e-fas-paint-brush\" viewBox=\"0 0 512 512\" xmlns=\"http:\/\/www.w3.org\/2000\/svg\"><path d=\"M167.02 309.34c-40.12 2.58-76.53 17.86-97.19 72.3-2.35 6.21-8 9.98-14.59 9.98-11.11 0-45.46-27.67-55.25-34.35C0 439.62 37.93 512 128 512c75.86 0 128-43.77 128-120.19 0-3.11-.65-6.08-.97-9.13l-88.01-73.34zM457.89 0c-15.16 0-29.37 6.71-40.21 16.45C213.27 199.05 192 203.34 192 257.09c0 13.7 3.25 26.76 8.73 38.7l63.82 53.18c7.21 1.8 14.64 3.03 22.39 3.03 62.11 0 98.11-45.47 211.16-256.46 7.38-14.35 13.9-29.85 13.9-45.99C512 20.64 486 0 457.89 0z\"><\/path><\/svg>\t\t\t\t\t\t<\/span>\n\t\t\t\t\t\t\t\t\t\t<span class=\"elementor-icon-list-text\">Presentaci\u00f3n sint\u00e9tica del proyecto de investigaci\u00f3n<\/span>\n\t\t\t\t\t\t\t\t\t<\/li>\n\t\t\t\t\t\t<\/ul>\n\t\t\t\t<\/div>\n\t\t\t\t<\/div>\n\t\t\t\t<\/div>\n\t\t<div class=\"elementor-element elementor-element-bc7c764 e-con-full e-flex e-con e-child\" data-id=\"bc7c764\" data-element_type=\"container\">\n\t\t\t\t<div class=\"elementor-element elementor-element-c85c9a2 elementor-widget elementor-widget-image\" data-id=\"c85c9a2\" data-element_type=\"widget\" data-widget_type=\"image.default\">\n\t\t\t\t<div class=\"elementor-widget-container\">\n\t\t\t<style>\/*! elementor - v3.23.0 - 05-08-2024 *\/\n.elementor-widget-image{text-align:center}.elementor-widget-image a{display:inline-block}.elementor-widget-image a img[src$=\".svg\"]{width:48px}.elementor-widget-image img{vertical-align:middle;display:inline-block}<\/style>\t\t\t\t\t\t\t\t\t\t<img fetchpriority=\"high\" decoding=\"async\" width=\"800\" height=\"673\" src=\"https:\/\/socialresearchco.com\/wp-content\/uploads\/2024\/04\/2397245-1024x862.jpg\" class=\"attachment-large size-large wp-image-1012\" alt=\"\" srcset=\"https:\/\/socialresearchco.com\/wp-content\/uploads\/2024\/04\/2397245-1024x862.jpg 1024w, https:\/\/socialresearchco.com\/wp-content\/uploads\/2024\/04\/2397245-300x253.jpg 300w, https:\/\/socialresearchco.com\/wp-content\/uploads\/2024\/04\/2397245-768x647.jpg 768w, https:\/\/socialresearchco.com\/wp-content\/uploads\/2024\/04\/2397245-1536x1293.jpg 1536w, https:\/\/socialresearchco.com\/wp-content\/uploads\/2024\/04\/2397245.jpg 2000w\" sizes=\"(max-width: 800px) 100vw, 800px\" \/>\t\t\t\t\t\t\t\t\t\t\t\t\t<\/div>\n\t\t\t\t<\/div>\n\t\t\t\t<div class=\"elementor-element elementor-element-3c622c9 elementor-align-center elementor-widget elementor-widget-button\" data-id=\"3c622c9\" data-element_type=\"widget\" data-widget_type=\"button.default\">\n\t\t\t\t<div class=\"elementor-widget-container\">\n\t\t\t\t\t<div class=\"elementor-button-wrapper\">\n\t\t\t<a class=\"elementor-button elementor-button-link elementor-size-sm\" href=\"#\">\n\t\t\t\t\t\t<span class=\"elementor-button-content-wrapper\">\n\t\t\t\t\t\t\t\t\t<span class=\"elementor-button-text\">Consult\u00e1 ya<\/span>\n\t\t\t\t\t<\/span>\n\t\t\t\t\t<\/a>\n\t\t<\/div>\n\t\t\t\t<\/div>\n\t\t\t\t<\/div>\n\t\t\t\t<\/div>\n\t\t\t\t<\/div>\n\t\t\t\t<\/div>\n\t\t","protected":false},"excerpt":{"rendered":"<p>\ud83d\udca1 Asesor\u00edas Nos encontramos en la b\u00fasqueda continua de la excelencia en nuestros servicios, la calidad de nuestros productos y la satisfacci\u00f3n de nuestros clientes. Asesoria Tesis \ud83d\udcdd El servicio de asesor\u00eda metodol\u00f3gica de proyectos de investigaci\u00f3n es una herramienta invaluable para investigadores individuales, estudiantes y acad\u00e9micos que desean llevar a cabo estudios rigurosos y [&hellip;]<\/p>\n","protected":false},"author":2,"featured_media":0,"parent":0,"menu_order":0,"comment_status":"closed","ping_status":"closed","template":"elementor_header_footer","meta":{"_joinchat":[],"footnotes":""},"class_list":["post-1166","page","type-page","status-publish","hentry"],"yoast_head":"<!-- This site is optimized with the Yoast SEO plugin v27.6 - https:\/\/yoast.com\/product\/yoast-seo-wordpress\/ -->\n<title>Asesorias - Social Research Consulting Group<\/title>\n<meta name=\"robots\" content=\"index, follow, max-snippet:-1, max-image-preview:large, max-video-preview:-1\" \/>\n<link rel=\"canonical\" href=\"https:\/\/socialresearchco.com\/index.php\/asesorias\/\" \/>\n<meta property=\"og:locale\" content=\"en_US\" \/>\n<meta property=\"og:type\" content=\"article\" \/>\n<meta property=\"og:title\" content=\"Asesorias - Social Research Consulting Group\" \/>\n<meta property=\"og:description\" content=\"\ud83d\udca1 Asesor\u00edas Nos encontramos en la b\u00fasqueda continua de la excelencia en nuestros servicios, la calidad de nuestros productos y la satisfacci\u00f3n de nuestros clientes. Asesoria Tesis \ud83d\udcdd El servicio de asesor\u00eda metodol\u00f3gica de proyectos de investigaci\u00f3n es una herramienta invaluable para investigadores individuales, estudiantes y acad\u00e9micos que desean llevar a cabo estudios rigurosos y [&hellip;]\" \/>\n<meta property=\"og:url\" content=\"https:\/\/socialresearchco.com\/index.php\/asesorias\/\" \/>\n<meta property=\"og:site_name\" content=\"Social Research Consulting Group\" \/>\n<meta property=\"article:modified_time\" content=\"2024-10-07T21:08:51+00:00\" \/>\n<meta property=\"og:image\" content=\"https:\/\/socialresearchco.com\/wp-content\/uploads\/2024\/04\/2397245.jpg\" \/>\n\t<meta property=\"og:image:width\" content=\"2000\" \/>\n\t<meta property=\"og:image:height\" content=\"1684\" \/>\n\t<meta property=\"og:image:type\" content=\"image\/jpeg\" \/>\n<meta name=\"twitter:card\" content=\"summary_large_image\" \/>\n<meta name=\"twitter:label1\" content=\"Est. reading time\" \/>\n\t<meta name=\"twitter:data1\" content=\"1 minute\" \/>\n<script type=\"application\/ld+json\" class=\"yoast-schema-graph\">{\"@context\":\"https:\\\/\\\/schema.org\",\"@graph\":[{\"@type\":\"WebPage\",\"@id\":\"https:\\\/\\\/socialresearchco.com\\\/index.php\\\/asesorias\\\/\",\"url\":\"https:\\\/\\\/socialresearchco.com\\\/index.php\\\/asesorias\\\/\",\"name\":\"Asesorias - Social Research Consulting Group\",\"isPartOf\":{\"@id\":\"https:\\\/\\\/socialresearchco.com\\\/#website\"},\"primaryImageOfPage\":{\"@id\":\"https:\\\/\\\/socialresearchco.com\\\/index.php\\\/asesorias\\\/#primaryimage\"},\"image\":{\"@id\":\"https:\\\/\\\/socialresearchco.com\\\/index.php\\\/asesorias\\\/#primaryimage\"},\"thumbnailUrl\":\"https:\\\/\\\/socialresearchco.com\\\/wp-content\\\/uploads\\\/2024\\\/04\\\/2397245-1024x862.jpg\",\"datePublished\":\"2024-08-10T18:24:38+00:00\",\"dateModified\":\"2024-10-07T21:08:51+00:00\",\"breadcrumb\":{\"@id\":\"https:\\\/\\\/socialresearchco.com\\\/index.php\\\/asesorias\\\/#breadcrumb\"},\"inLanguage\":\"en-US\",\"potentialAction\":[{\"@type\":\"ReadAction\",\"target\":[\"https:\\\/\\\/socialresearchco.com\\\/index.php\\\/asesorias\\\/\"]}]},{\"@type\":\"ImageObject\",\"inLanguage\":\"en-US\",\"@id\":\"https:\\\/\\\/socialresearchco.com\\\/index.php\\\/asesorias\\\/#primaryimage\",\"url\":\"https:\\\/\\\/socialresearchco.com\\\/wp-content\\\/uploads\\\/2024\\\/04\\\/2397245.jpg\",\"contentUrl\":\"https:\\\/\\\/socialresearchco.com\\\/wp-content\\\/uploads\\\/2024\\\/04\\\/2397245.jpg\",\"width\":2000,\"height\":1684},{\"@type\":\"BreadcrumbList\",\"@id\":\"https:\\\/\\\/socialresearchco.com\\\/index.php\\\/asesorias\\\/#breadcrumb\",\"itemListElement\":[{\"@type\":\"ListItem\",\"position\":1,\"name\":\"Home\",\"item\":\"https:\\\/\\\/socialresearchco.com\\\/\"},{\"@type\":\"ListItem\",\"position\":2,\"name\":\"Asesorias\"}]},{\"@type\":\"WebSite\",\"@id\":\"https:\\\/\\\/socialresearchco.com\\\/#website\",\"url\":\"https:\\\/\\\/socialresearchco.com\\\/\",\"name\":\"Social Research Consulting Group\",\"description\":\"Investigaci\u00f3n que inspira, conocimiento que transforma\",\"publisher\":{\"@id\":\"https:\\\/\\\/socialresearchco.com\\\/#organization\"},\"potentialAction\":[{\"@type\":\"SearchAction\",\"target\":{\"@type\":\"EntryPoint\",\"urlTemplate\":\"https:\\\/\\\/socialresearchco.com\\\/?s={search_term_string}\"},\"query-input\":{\"@type\":\"PropertyValueSpecification\",\"valueRequired\":true,\"valueName\":\"search_term_string\"}}],\"inLanguage\":\"en-US\"},{\"@type\":\"Organization\",\"@id\":\"https:\\\/\\\/socialresearchco.com\\\/#organization\",\"name\":\"Social Research Consulting Group\",\"url\":\"https:\\\/\\\/socialresearchco.com\\\/\",\"logo\":{\"@type\":\"ImageObject\",\"inLanguage\":\"en-US\",\"@id\":\"https:\\\/\\\/socialresearchco.com\\\/#\\\/schema\\\/logo\\\/image\\\/\",\"url\":\"https:\\\/\\\/socialresearchco.com\\\/wp-content\\\/uploads\\\/2024\\\/03\\\/LogoSRCG.svg\",\"contentUrl\":\"https:\\\/\\\/socialresearchco.com\\\/wp-content\\\/uploads\\\/2024\\\/03\\\/LogoSRCG.svg\",\"width\":4914,\"height\":1372,\"caption\":\"Social Research Consulting Group\"},\"image\":{\"@id\":\"https:\\\/\\\/socialresearchco.com\\\/#\\\/schema\\\/logo\\\/image\\\/\"}}]}<\/script>\n<!-- \/ Yoast SEO plugin. -->","yoast_head_json":{"title":"Asesorias - Social Research Consulting Group","robots":{"index":"index","follow":"follow","max-snippet":"max-snippet:-1","max-image-preview":"max-image-preview:large","max-video-preview":"max-video-preview:-1"},"canonical":"https:\/\/socialresearchco.com\/index.php\/asesorias\/","og_locale":"en_US","og_type":"article","og_title":"Asesorias - Social Research Consulting Group","og_description":"\ud83d\udca1 Asesor\u00edas Nos encontramos en la b\u00fasqueda continua de la excelencia en nuestros servicios, la calidad de nuestros productos y la satisfacci\u00f3n de nuestros clientes. Asesoria Tesis \ud83d\udcdd El servicio de asesor\u00eda metodol\u00f3gica de proyectos de investigaci\u00f3n es una herramienta invaluable para investigadores individuales, estudiantes y acad\u00e9micos que desean llevar a cabo estudios rigurosos y [&hellip;]","og_url":"https:\/\/socialresearchco.com\/index.php\/asesorias\/","og_site_name":"Social Research Consulting Group","article_modified_time":"2024-10-07T21:08:51+00:00","og_image":[{"width":2000,"height":1684,"url":"https:\/\/socialresearchco.com\/wp-content\/uploads\/2024\/04\/2397245.jpg","type":"image\/jpeg"}],"twitter_card":"summary_large_image","twitter_misc":{"Est. reading time":"1 minute"},"schema":{"@context":"https:\/\/schema.org","@graph":[{"@type":"WebPage","@id":"https:\/\/socialresearchco.com\/index.php\/asesorias\/","url":"https:\/\/socialresearchco.com\/index.php\/asesorias\/","name":"Asesorias - Social Research Consulting Group","isPartOf":{"@id":"https:\/\/socialresearchco.com\/#website"},"primaryImageOfPage":{"@id":"https:\/\/socialresearchco.com\/index.php\/asesorias\/#primaryimage"},"image":{"@id":"https:\/\/socialresearchco.com\/index.php\/asesorias\/#primaryimage"},"thumbnailUrl":"https:\/\/socialresearchco.com\/wp-content\/uploads\/2024\/04\/2397245-1024x862.jpg","datePublished":"2024-08-10T18:24:38+00:00","dateModified":"2024-10-07T21:08:51+00:00","breadcrumb":{"@id":"https:\/\/socialresearchco.com\/index.php\/asesorias\/#breadcrumb"},"inLanguage":"en-US","potentialAction":[{"@type":"ReadAction","target":["https:\/\/socialresearchco.com\/index.php\/asesorias\/"]}]},{"@type":"ImageObject","inLanguage":"en-US","@id":"https:\/\/socialresearchco.com\/index.php\/asesorias\/#primaryimage","url":"https:\/\/socialresearchco.com\/wp-content\/uploads\/2024\/04\/2397245.jpg","contentUrl":"https:\/\/socialresearchco.com\/wp-content\/uploads\/2024\/04\/2397245.jpg","width":2000,"height":1684},{"@type":"BreadcrumbList","@id":"https:\/\/socialresearchco.com\/index.php\/asesorias\/#breadcrumb","itemListElement":[{"@type":"ListItem","position":1,"name":"Home","item":"https:\/\/socialresearchco.com\/"},{"@type":"ListItem","position":2,"name":"Asesorias"}]},{"@type":"WebSite","@id":"https:\/\/socialresearchco.com\/#website","url":"https:\/\/socialresearchco.com\/","name":"Social Research Consulting Group","description":"Investigaci\u00f3n que inspira, conocimiento que transforma","publisher":{"@id":"https:\/\/socialresearchco.com\/#organization"},"potentialAction":[{"@type":"SearchAction","target":{"@type":"EntryPoint","urlTemplate":"https:\/\/socialresearchco.com\/?s={search_term_string}"},"query-input":{"@type":"PropertyValueSpecification","valueRequired":true,"valueName":"search_term_string"}}],"inLanguage":"en-US"},{"@type":"Organization","@id":"https:\/\/socialresearchco.com\/#organization","name":"Social Research Consulting Group","url":"https:\/\/socialresearchco.com\/","logo":{"@type":"ImageObject","inLanguage":"en-US","@id":"https:\/\/socialresearchco.com\/#\/schema\/logo\/image\/","url":"https:\/\/socialresearchco.com\/wp-content\/uploads\/2024\/03\/LogoSRCG.svg","contentUrl":"https:\/\/socialresearchco.com\/wp-content\/uploads\/2024\/03\/LogoSRCG.svg","width":4914,"height":1372,"caption":"Social Research Consulting Group"},"image":{"@id":"https:\/\/socialresearchco.com\/#\/schema\/logo\/image\/"}}]}},"_links":{"self":[{"href":"https:\/\/socialresearchco.com\/index.php\/wp-json\/wp\/v2\/pages\/1166","targetHints":{"allow":["GET"]}}],"collection":[{"href":"https:\/\/socialresearchco.com\/index.php\/wp-json\/wp\/v2\/pages"}],"about":[{"href":"https:\/\/socialresearchco.com\/index.php\/wp-json\/wp\/v2\/types\/page"}],"author":[{"embeddable":true,"href":"https:\/\/socialresearchco.com\/index.php\/wp-json\/wp\/v2\/users\/2"}],"replies":[{"embeddable":true,"href":"https:\/\/socialresearchco.com\/index.php\/wp-json\/wp\/v2\/comments?post=1166"}],"version-history":[{"count":10,"href":"https:\/\/socialresearchco.com\/index.php\/wp-json\/wp\/v2\/pages\/1166\/revisions"}],"predecessor-version":[{"id":1233,"href":"https:\/\/socialresearchco.com\/index.php\/wp-json\/wp\/v2\/pages\/1166\/revisions\/1233"}],"wp:attachment":[{"href":"https:\/\/socialresearchco.com\/index.php\/wp-json\/wp\/v2\/media?parent=1166"}],"curies":[{"name":"wp","href":"https:\/\/api.w.org\/{rel}","templated":true}]}}